{"id":45,"date":"2015-10-11T20:02:25","date_gmt":"2015-10-11T20:02:25","guid":{"rendered":"https:\/\/sdc.spseplzen.cz\/index.php\/team-members\/"},"modified":"2025-10-24T11:00:33","modified_gmt":"2025-10-24T11:00:33","slug":"team-members","status":"publish","type":"page","link":"https:\/\/sdc.spseplzen.cz\/index.php\/team-members\/","title":{"rendered":"Osoby zaji\u0161\u0165uj\u00edc\u00ed \u010dinnost St\u0159ediska dopl\u0148kov\u00e9 \u010dinnosti"},"content":{"rendered":"<p><strong>Mana\u017eer SD\u010c<\/strong><\/p>\n<p>Ing. \u0160t\u011bp\u00e1nka Rottov\u00e1<\/p>\n<p>Tel.: 377 418 005<\/p>\n<p>Mobil: 770 189 663<\/p>\n<p>E-mail: rottova@spseplzen.cz<\/p>\n<p>kancel\u00e1\u0159 &#8211; DM pavilon B &#8211; 1. patro, \u010d. dv. 121<\/p>\n","protected":false},"excerpt":{"rendered":"<p>Mana\u017eer SD\u010c<br \/>\nIng. \u0160t\u011bp\u00e1nka Rottov\u00e1<br \/>\nTel.: 377 418 005<br \/>\nMobil: 770 189 663<br \/>\nE-mail: rottova@spseplzen.cz<br \/>\nkancel\u00e1\u0159 &#8211; DM pavilon B &#8211; 1. patro, \u010d. dv. 121<\/p>\n","protected":false},"author":1,"featured_media":0,"parent":0,"menu_order":0,"comment_status":"closed","ping_status":"closed","template":"template-full-width.php","meta":{"footnotes":""},"class_list":["post-45","page","type-page","status-publish","hentry"],"_links":{"self":[{"href":"https:\/\/sdc.spseplzen.cz\/index.php\/wp-json\/wp\/v2\/pages\/45","targetHints":{"allow":["GET"]}}],"collection":[{"href":"https:\/\/sdc.spseplzen.cz\/index.php\/wp-json\/wp\/v2\/pages"}],"about":[{"href":"https:\/\/sdc.spseplzen.cz\/index.php\/wp-json\/wp\/v2\/types\/page"}],"author":[{"embeddable":true,"href":"https:\/\/sdc.spseplzen.cz\/index.php\/wp-json\/wp\/v2\/users\/1"}],"replies":[{"embeddable":true,"href":"https:\/\/sdc.spseplzen.cz\/index.php\/wp-json\/wp\/v2\/comments?post=45"}],"version-history":[{"count":29,"href":"https:\/\/sdc.spseplzen.cz\/index.php\/wp-json\/wp\/v2\/pages\/45\/revisions"}],"predecessor-version":[{"id":1057,"href":"https:\/\/sdc.spseplzen.cz\/index.php\/wp-json\/wp\/v2\/pages\/45\/revisions\/1057"}],"wp:attachment":[{"href":"https:\/\/sdc.spseplzen.cz\/index.php\/wp-json\/wp\/v2\/media?parent=45"}],"curies":[{"name":"wp","href":"https:\/\/api.w.org\/{rel}","templated":true}]}}