{"id":22,"date":"2015-10-11T20:02:24","date_gmt":"2015-10-11T20:02:24","guid":{"rendered":"https:\/\/sdc.spseplzen.cz\/index.php\/home\/"},"modified":"2022-09-20T09:06:01","modified_gmt":"2022-09-20T09:06:01","slug":"home","status":"publish","type":"page","link":"https:\/\/sdc.spseplzen.cz\/","title":{"rendered":"Home"},"content":{"rendered":"<div class=\"callout-wrap\"><span>St\u0159edisko dopl\u0148kov\u00e9 \u010dinnosti nab\u00edz\u00ed a organizuje odborn\u00e9 kurzy jak <strong>pro studenty VO\u0160 a SP\u0160E Plze\u0148<\/strong>,&nbsp; d\u00e1le <strong>kurzy pro ve\u0159ejnost<\/strong> <strong>a \u017e\u00e1ky z\u00e1kladn\u00edch \u0161kol. <\/strong><\/p>\n<p>D\u00e1le provozuje&nbsp; VO\u0160 a SP\u0160E Plze\u0148 komer\u010dn\u00ed ubytov\u00e1n\u00ed na Domovech ml\u00e1de\u017ee, komer\u010dn\u00ed pron\u00e1jmy \u0161koln\u00edch prostor (m\u00edstnost\u00ed) v\u010detn\u011b pron\u00e1jmu velmi \u017e\u00e1dan\u00fdch t\u011blocvi\u010den.&nbsp; <\/span><\/div><!-- END callout-wrap --><br class=\"clear\" \/>\n\n<p>&nbsp;<\/p>\n<p>&nbsp;<\/p>\n","protected":false},"excerpt":{"rendered":"<p>&nbsp;<br \/>\n&nbsp;<\/p>\n","protected":false},"author":1,"featured_media":0,"parent":0,"menu_order":0,"comment_status":"closed","ping_status":"closed","template":"template-blank-canvas.php","meta":{"footnotes":""},"class_list":["post-22","page","type-page","status-publish","hentry"],"_links":{"self":[{"href":"https:\/\/sdc.spseplzen.cz\/index.php\/wp-json\/wp\/v2\/pages\/22","targetHints":{"allow":["GET"]}}],"collection":[{"href":"https:\/\/sdc.spseplzen.cz\/index.php\/wp-json\/wp\/v2\/pages"}],"about":[{"href":"https:\/\/sdc.spseplzen.cz\/index.php\/wp-json\/wp\/v2\/types\/page"}],"author":[{"embeddable":true,"href":"https:\/\/sdc.spseplzen.cz\/index.php\/wp-json\/wp\/v2\/users\/1"}],"replies":[{"embeddable":true,"href":"https:\/\/sdc.spseplzen.cz\/index.php\/wp-json\/wp\/v2\/comments?post=22"}],"version-history":[{"count":27,"href":"https:\/\/sdc.spseplzen.cz\/index.php\/wp-json\/wp\/v2\/pages\/22\/revisions"}],"predecessor-version":[{"id":1037,"href":"https:\/\/sdc.spseplzen.cz\/index.php\/wp-json\/wp\/v2\/pages\/22\/revisions\/1037"}],"wp:attachment":[{"href":"https:\/\/sdc.spseplzen.cz\/index.php\/wp-json\/wp\/v2\/media?parent=22"}],"curies":[{"name":"wp","href":"https:\/\/api.w.org\/{rel}","templated":true}]}}