{"id":179,"date":"2015-10-12T08:23:37","date_gmt":"2015-10-12T08:23:37","guid":{"rendered":"https:\/\/sdc.spseplzen.cz\/?page_id=179"},"modified":"2025-10-24T10:58:53","modified_gmt":"2025-10-24T10:58:53","slug":"komercni-ubytovani","status":"publish","type":"page","link":"https:\/\/sdc.spseplzen.cz\/index.php\/ubytovani\/komercni-ubytovani\/","title":{"rendered":"Komer\u010dn\u00ed ubytov\u00e1n\u00ed"},"content":{"rendered":"<h3><\/h3>\n<h3>Nab\u00edz\u00edme k ubytov\u00e1n\u00ed:<\/h3>\n<ul>\n<li>jednol\u016f\u017ekov\u00e9 pokoje se soci\u00e1ln\u00edm za\u0159\u00edzen\u00edm na pat\u0159e<br \/>\ncena: 380,- K\u010d\/osoba\/noc<\/li>\n<li>dvoul\u016f\u017ekov\u00e9 pokoje se soci\u00e1ln\u00edm za\u0159\u00edzen\u00edm na pat\u0159e<br \/>\ncena: 295,- K\u010d\/osoba\/noc\u00a0 p\u0159i obsazen\u00ed pokoje 2 osobami<\/li>\n<li>trojl\u016f\u017ekov\u00e9 pokoje se soci\u00e1ln\u00edm za\u0159\u00edzen\u00edm na pat\u0159e<br \/>\ncena: 295,- K\u010d\/osoba\/noc\u00a0 p\u0159i obsazen\u00ed pokoje 3 nebo 2 osobami<br \/>\np\u0159i obsazen\u00ed pokoj\u016f jednou osobou<br \/>\ncena: 380,- K\u010d\/osoba\/noc<\/li>\n<li>apartm\u00e1n se soci\u00e1ln\u00edm za\u0159\u00edzen\u00edm, vybavenou kuchy\u0148kou, sprchov\u00fdm koutem<br \/>\ncena: 490,-K\u010d\/osoba\/noc<br \/>\n(apartm\u00e1n je tvo\u0159en jedn\u00edm pokojem jednol\u016f\u017ekov\u00fdm a jedn\u00edm pokojem dvoul\u016f\u017ekov\u00fdm s mo\u017enost\u00ed p\u0159ist\u00fdlky)<\/li>\n<li>d\u00e1le je vyb\u00edr\u00e1n poplatek 35,- K\u010d\/osoba a den dle OZV 6\/2021 &#8211; m\u00edstn\u00ed poplatek z pobytu (osvobozen\u00e9 jsou osoby do 18 let a dal\u0161\u00ed dle vyhl\u00e1\u0161ky)<\/li>\n<\/ul>\n<h3>Po\u010det pokoj\u016f k vyu\u017eit\u00ed:<\/h3>\n<ul>\n<li>p\u0159es v\u00edkend a\u017e 48 jednol\u016f\u017ekov\u00fdch, 316 dvoul\u016f\u017ekov\u00fdch, 6 trojl\u016f\u017ekov\u00fdch pokoj\u016f, 4 pokoje v\u00a0 apartm\u00e1nu dle dohody<\/li>\n<li>ve v\u0161edn\u00ed dny je k dispozici 42 m\u00edst v trojl\u016f\u017ekov\u00fdch pokoj\u00edch<\/li>\n<\/ul>\n<h3>Adresa:<\/h3>\n<p>Domov ml\u00e1de\u017ee, \u010c\u00e1stkova 58, 326 00 Plze\u0148<\/p>\n<p>Parkovat lze hned vedle Domov\u016f ml\u00e1de\u017ee na asfaltov\u00e9m h\u0159i\u0161ti vedle DM<\/p>\n<p>Kontakt pro informace a objedn\u00e1n\u00ed: Ing. \u0160t\u011bp\u00e1nka Rottov\u00e1, +420 770 189 663, e-mail: rottova@spseplzen.cz<\/p>\n<h3><\/h3>\n<p><iframe loading=\"lazy\" style=\"border: 0;\" src=\"https:\/\/www.google.com\/maps\/embed?pb=!1m18!1m12!1m3!1d2578.798968789905!2d13.402495415636004!3d49.733408879382836!2m3!1f0!2f0!3f0!3m2!1i1024!2i768!4f13.1!3m3!1m2!1s0x470aee29924cd2f3%3A0xb3c5b79f08ca398c!2zxIzDoXN0a292YSA4MTcvNTgsIDMyNiAwMCBQbHplxYgtUGx6ZcWIIDItU2xvdmFueQ!5e0!3m2!1scs!2scz!4v1445502180724\" width=\"600\" height=\"450\" frameborder=\"0\" allowfullscreen=\"allowfullscreen\"><\/iframe><\/p>\n","protected":false},"excerpt":{"rendered":"<p>\nNab\u00edz\u00edme k ubytov\u00e1n\u00ed:<\/p>\n<p>jednol\u016f\u017ekov\u00e9 pokoje se soci\u00e1ln\u00edm za\u0159\u00edzen\u00edm na pat\u0159e<br \/>\ncena: 380,- K\u010d\/osoba\/noc<br \/>\ndvoul\u016f\u017ekov\u00e9 pokoje se soci\u00e1ln\u00edm za\u0159\u00edzen\u00edm na pat\u0159e<br \/>\ncena: 295,- K\u010d\/osoba\/noc\u00a0 p\u0159i obsazen\u00ed pokoje 2 osobami<br \/>\ntrojl\u016f\u017ekov\u00e9 pokoje se soci\u00e1ln\u00edm za\u0159\u00edzen\u00edm na pat\u0159e<br \/>\ncena: 295,- K\u010d\/osoba\/noc\u00a0 p\u0159i obsazen\u00ed pokoje 3 nebo 2 osobami<br \/>\np\u0159i obsazen\u00ed pokoj\u016f jednou osobou<br \/>\ncena: 380,- K\u010d\/osoba\/noc<br \/>\napartm\u00e1n se soci\u00e1ln\u00edm za\u0159\u00edzen\u00edm, vybavenou kuchy\u0148kou, sprchov\u00fdm koutem<br \/>\ncena: 490,-K\u010d\/osoba\/noc<br \/>\n(apartm\u00e1n je tvo\u0159en jedn\u00edm pokojem jednol\u016f\u017ekov\u00fdm a jedn\u00edm pokojem dvoul\u016f\u017ekov\u00fdm s mo\u017enost\u00ed p\u0159ist\u00fdlky)<br \/>\nd\u00e1le je &#8230;<\/p>\n","protected":false},"author":1,"featured_media":0,"parent":177,"menu_order":0,"comment_status":"closed","ping_status":"closed","template":"template_rightsidebar_horizontalnav.php","meta":{"footnotes":""},"class_list":["post-179","page","type-page","status-publish","hentry"],"_links":{"self":[{"href":"https:\/\/sdc.spseplzen.cz\/index.php\/wp-json\/wp\/v2\/pages\/179","targetHints":{"allow":["GET"]}}],"collection":[{"href":"https:\/\/sdc.spseplzen.cz\/index.php\/wp-json\/wp\/v2\/pages"}],"about":[{"href":"https:\/\/sdc.spseplzen.cz\/index.php\/wp-json\/wp\/v2\/types\/page"}],"author":[{"embeddable":true,"href":"https:\/\/sdc.spseplzen.cz\/index.php\/wp-json\/wp\/v2\/users\/1"}],"replies":[{"embeddable":true,"href":"https:\/\/sdc.spseplzen.cz\/index.php\/wp-json\/wp\/v2\/comments?post=179"}],"version-history":[{"count":22,"href":"https:\/\/sdc.spseplzen.cz\/index.php\/wp-json\/wp\/v2\/pages\/179\/revisions"}],"predecessor-version":[{"id":1056,"href":"https:\/\/sdc.spseplzen.cz\/index.php\/wp-json\/wp\/v2\/pages\/179\/revisions\/1056"}],"up":[{"embeddable":true,"href":"https:\/\/sdc.spseplzen.cz\/index.php\/wp-json\/wp\/v2\/pages\/177"}],"wp:attachment":[{"href":"https:\/\/sdc.spseplzen.cz\/index.php\/wp-json\/wp\/v2\/media?parent=179"}],"curies":[{"name":"wp","href":"https:\/\/api.w.org\/{rel}","templated":true}]}}