{"id":173,"date":"2015-10-12T08:21:30","date_gmt":"2015-10-12T08:21:30","guid":{"rendered":"https:\/\/sdc.spseplzen.cz\/?page_id=173"},"modified":"2025-11-12T12:48:22","modified_gmt":"2025-11-12T12:48:22","slug":"kurzy-pro-zaky-zs","status":"publish","type":"page","link":"https:\/\/sdc.spseplzen.cz\/index.php\/kurzy\/kurzy-pro-zaky-zs\/","title":{"rendered":"Kurzy pro \u017e\u00e1ky Z\u0160"},"content":{"rendered":"\n<p>Od ledna 2026 budou prob\u00edhat p\u0159\u00edpravn\u00e9 kurzy k p\u0159ij\u00edmac\u00edm zkou\u0161k\u00e1m na S\u0160. <\/p>\n\n\n\n<p>P\u0159ihl\u00e1\u0161en\u00ed a bli\u017e\u0161\u00ed informace naleznete na st\u00e1nk\u00e1ch \u0161koly v sekci P\u0159ij\u00edmac\u00ed \u0159\u00edzen\u00ed<\/p>\n\n\n\n<p><a href=\"https:\/\/www.spseplzen.cz\/prijimaci-rizeni\/\">https:\/\/www.spseplzen.cz\/prijimaci-rizeni\/<\/a><\/p>\n","protected":false},"excerpt":{"rendered":"<p>\nOd ledna 2026 budou prob\u00edhat p\u0159\u00edpravn\u00e9 kurzy k p\u0159ij\u00edmac\u00edm zkou\u0161k\u00e1m na S\u0160. <\/p>\n<p>P\u0159ihl\u00e1\u0161en\u00ed a bli\u017e\u0161\u00ed informace naleznete na st\u00e1nk\u00e1ch \u0161koly v sekci P\u0159ij\u00edmac\u00ed \u0159\u00edzen\u00ed<\/p>\n<p>https:\/\/www.spseplzen.cz\/prijimaci-rizeni\/<\/p>\n","protected":false},"author":1,"featured_media":0,"parent":169,"menu_order":0,"comment_status":"closed","ping_status":"closed","template":"template_rightsidebar_horizontalnav.php","meta":{"footnotes":""},"class_list":["post-173","page","type-page","status-publish","hentry"],"_links":{"self":[{"href":"https:\/\/sdc.spseplzen.cz\/index.php\/wp-json\/wp\/v2\/pages\/173","targetHints":{"allow":["GET"]}}],"collection":[{"href":"https:\/\/sdc.spseplzen.cz\/index.php\/wp-json\/wp\/v2\/pages"}],"about":[{"href":"https:\/\/sdc.spseplzen.cz\/index.php\/wp-json\/wp\/v2\/types\/page"}],"author":[{"embeddable":true,"href":"https:\/\/sdc.spseplzen.cz\/index.php\/wp-json\/wp\/v2\/users\/1"}],"replies":[{"embeddable":true,"href":"https:\/\/sdc.spseplzen.cz\/index.php\/wp-json\/wp\/v2\/comments?post=173"}],"version-history":[{"count":45,"href":"https:\/\/sdc.spseplzen.cz\/index.php\/wp-json\/wp\/v2\/pages\/173\/revisions"}],"predecessor-version":[{"id":1060,"href":"https:\/\/sdc.spseplzen.cz\/index.php\/wp-json\/wp\/v2\/pages\/173\/revisions\/1060"}],"up":[{"embeddable":true,"href":"https:\/\/sdc.spseplzen.cz\/index.php\/wp-json\/wp\/v2\/pages\/169"}],"wp:attachment":[{"href":"https:\/\/sdc.spseplzen.cz\/index.php\/wp-json\/wp\/v2\/media?parent=173"}],"curies":[{"name":"wp","href":"https:\/\/api.w.org\/{rel}","templated":true}]}}