{"id":171,"date":"2015-10-12T08:20:33","date_gmt":"2015-10-12T08:20:33","guid":{"rendered":"https:\/\/sdc.spseplzen.cz\/?page_id=171"},"modified":"2025-10-24T10:53:34","modified_gmt":"2025-10-24T10:53:34","slug":"kurzy-pro-zaky-vos-a-spse","status":"publish","type":"page","link":"https:\/\/sdc.spseplzen.cz\/index.php\/kurzy\/kurzy-pro-zaky-vos-a-spse\/","title":{"rendered":"Kurzy pro \u017e\u00e1ky VO\u0160 a SP\u0160E"},"content":{"rendered":"\n<p>Ve \u0161koln\u00edm roce 2025\/26 prob\u00edhaj\u00ed roz\u0161i\u0159uj\u00edc\u00ed kurzy Matematiky<\/p>\n\n\n\n<p>Od \u00fanora 2026 bude prob\u00edhat kurz Odborn\u00e1 zp\u016fsobilost v elektrotechnice<\/p>\n","protected":false},"excerpt":{"rendered":"<p>\nVe \u0161koln\u00edm roce 2025\/26 prob\u00edhaj\u00ed roz\u0161i\u0159uj\u00edc\u00ed kurzy Matematiky<\/p>\n<p>Od \u00fanora 2026 bude prob\u00edhat kurz Odborn\u00e1 zp\u016fsobilost v elektrotechnice<\/p>\n","protected":false},"author":1,"featured_media":0,"parent":169,"menu_order":0,"comment_status":"closed","ping_status":"closed","template":"template_rightsidebar_horizontalnav.php","meta":{"footnotes":""},"class_list":["post-171","page","type-page","status-publish","hentry"],"_links":{"self":[{"href":"https:\/\/sdc.spseplzen.cz\/index.php\/wp-json\/wp\/v2\/pages\/171","targetHints":{"allow":["GET"]}}],"collection":[{"href":"https:\/\/sdc.spseplzen.cz\/index.php\/wp-json\/wp\/v2\/pages"}],"about":[{"href":"https:\/\/sdc.spseplzen.cz\/index.php\/wp-json\/wp\/v2\/types\/page"}],"author":[{"embeddable":true,"href":"https:\/\/sdc.spseplzen.cz\/index.php\/wp-json\/wp\/v2\/users\/1"}],"replies":[{"embeddable":true,"href":"https:\/\/sdc.spseplzen.cz\/index.php\/wp-json\/wp\/v2\/comments?post=171"}],"version-history":[{"count":22,"href":"https:\/\/sdc.spseplzen.cz\/index.php\/wp-json\/wp\/v2\/pages\/171\/revisions"}],"predecessor-version":[{"id":1053,"href":"https:\/\/sdc.spseplzen.cz\/index.php\/wp-json\/wp\/v2\/pages\/171\/revisions\/1053"}],"up":[{"embeddable":true,"href":"https:\/\/sdc.spseplzen.cz\/index.php\/wp-json\/wp\/v2\/pages\/169"}],"wp:attachment":[{"href":"https:\/\/sdc.spseplzen.cz\/index.php\/wp-json\/wp\/v2\/media?parent=171"}],"curies":[{"name":"wp","href":"https:\/\/api.w.org\/{rel}","templated":true}]}}