{"id":167,"date":"2015-10-12T08:17:35","date_gmt":"2015-10-12T08:17:35","guid":{"rendered":"https:\/\/sdc.spseplzen.cz\/?page_id=167"},"modified":"2025-10-24T10:45:54","modified_gmt":"2025-10-24T10:45:54","slug":"pronajem-mistnosti","status":"publish","type":"page","link":"https:\/\/sdc.spseplzen.cz\/index.php\/pronajmy\/pronajem-mistnosti\/","title":{"rendered":"Pron\u00e1jem prostor v budov\u011b \u0161koly"},"content":{"rendered":"\n<h3 class=\"wp-block-heading\">Prostory k pron\u00e1jmu:<\/h3>\n\n\n\n<p class=\"has-text-align-left\">u\u010debny s 15 lavicemi a 30 m\u00edsty <strong>cena: 150 K\u010d\/hodinu<\/strong><\/p>\n\n\n\n<p>u\u010debny s 25 lavicemi a 50 m\u00edsty <strong>cena: 200 K\u010d\/hodinu<\/strong><\/p>\n\n\n\n<p>u\u010debny&nbsp; s jedn\u00edm PC a datov\u00fdm projektorem <strong>cena: 200 K\u010d\/hodinu<\/strong><\/p>\n\n\n\n<p>u\u010debny s 16 PC a a datov\u00fdm projektorem&nbsp;<strong>cena: 300 K\u010d\/hodinu<\/strong><\/p>\n\n\n\n<p>u\u010debna s 30 PC a a datov\u00fdm projektorem&nbsp;<strong>cena: 350 K\u010d\/hodinu<\/strong><\/p>\n\n\n\n<p>Aula pro 150 osob\u00a0 <strong>cena: 500 K\u010d\/hodinu<\/strong><\/p>\n\n\n\n<p>Uveden\u00e9 ceny jsou bez DPH.<\/p>\n\n\n\n<p>Kontaktn\u00ed osoba pro p\u0159\u00edpad Va\u0161eho z\u00e1jmu: mana\u017eer St\u0159ediska dopl\u0148kov\u00e9 \u010dinnosti Ing. \u0160t\u011bp\u00e1nka Rottov\u00e1<\/p>\n\n\n\n<p>tel: 377 418 005, 770 189 663, mail: rottova@spseplzen.cz<\/p>\n","protected":false},"excerpt":{"rendered":"<p>\nProstory k pron\u00e1jmu:<\/p>\n<p>u\u010debny s 15 lavicemi a 30 m\u00edsty cena: 150 K\u010d\/hodinu<\/p>\n<p>u\u010debny s 25 lavicemi a 50 m\u00edsty cena: 200 K\u010d\/hodinu<\/p>\n<p>u\u010debny&nbsp; s jedn\u00edm PC a datov\u00fdm projektorem cena: 200 K\u010d\/hodinu<\/p>\n<p>u\u010debny s 16 PC a a datov\u00fdm projektorem&nbsp;cena: 300 K\u010d\/hodinu<\/p>\n<p>u\u010debna s 30 PC a a datov\u00fdm projektorem&nbsp;cena: 350 K\u010d\/hodinu<\/p>\n<p>Aula pro 150 osob\u00a0 cena: 500 K\u010d\/hodinu<br \/>\n<br ...\n<\/p>\n","protected":false},"author":1,"featured_media":0,"parent":163,"menu_order":0,"comment_status":"closed","ping_status":"closed","template":"template_rightsidebar_horizontalnav.php","meta":{"footnotes":""},"class_list":["post-167","page","type-page","status-publish","hentry"],"_links":{"self":[{"href":"https:\/\/sdc.spseplzen.cz\/index.php\/wp-json\/wp\/v2\/pages\/167","targetHints":{"allow":["GET"]}}],"collection":[{"href":"https:\/\/sdc.spseplzen.cz\/index.php\/wp-json\/wp\/v2\/pages"}],"about":[{"href":"https:\/\/sdc.spseplzen.cz\/index.php\/wp-json\/wp\/v2\/types\/page"}],"author":[{"embeddable":true,"href":"https:\/\/sdc.spseplzen.cz\/index.php\/wp-json\/wp\/v2\/users\/1"}],"replies":[{"embeddable":true,"href":"https:\/\/sdc.spseplzen.cz\/index.php\/wp-json\/wp\/v2\/comments?post=167"}],"version-history":[{"count":26,"href":"https:\/\/sdc.spseplzen.cz\/index.php\/wp-json\/wp\/v2\/pages\/167\/revisions"}],"predecessor-version":[{"id":1051,"href":"https:\/\/sdc.spseplzen.cz\/index.php\/wp-json\/wp\/v2\/pages\/167\/revisions\/1051"}],"up":[{"embeddable":true,"href":"https:\/\/sdc.spseplzen.cz\/index.php\/wp-json\/wp\/v2\/pages\/163"}],"wp:attachment":[{"href":"https:\/\/sdc.spseplzen.cz\/index.php\/wp-json\/wp\/v2\/media?parent=167"}],"curies":[{"name":"wp","href":"https:\/\/api.w.org\/{rel}","templated":true}]}}