{"id":165,"date":"2015-10-12T08:17:10","date_gmt":"2015-10-12T08:17:10","guid":{"rendered":"https:\/\/sdc.spseplzen.cz\/?page_id=165"},"modified":"2023-03-09T08:14:01","modified_gmt":"2023-03-09T08:14:01","slug":"pronajem-telocvicen","status":"publish","type":"page","link":"https:\/\/sdc.spseplzen.cz\/index.php\/pronajmy\/pronajem-telocvicen\/","title":{"rendered":"Pron\u00e1jem t\u011blocvi\u010den"},"content":{"rendered":"<h3>V dob\u011b \u010dervenec &#8211; srpen\u00a0 nepronaj\u00edm\u00e1me.<\/h3>\n<h3><\/h3>\n<h3>VO\u0160 a SP\u0160E Plze\u0148 m\u00e1 k dispozici dv\u011b t\u011blocvi\u010dny<\/h3>\n<p>K pron\u00e1jmu ve voln\u00fdch hodin\u00e1ch odpoledne a ve\u010der up\u0159ednost\u0148ujeme sportovn\u00ed ogranizace d\u011bt\u00ed a ml\u00e1de\u017ee.<\/p>\n<p>Cena: 400 K\u010d\/hodinu.<\/p>\n<p><a href=\"https:\/\/sdc.spseplzen.cz\/wp-content\/uploads\/2015\/11\/DSC_0188.jpg\"><img loading=\"lazy\" decoding=\"async\" class=\"alignnone size-medium wp-image-395\" src=\"https:\/\/sdc.spseplzen.cz\/wp-content\/uploads\/2015\/11\/DSC_0188-300x199.jpg\" alt=\"DSC_0188\" width=\"300\" height=\"199\" srcset=\"https:\/\/sdc.spseplzen.cz\/wp-content\/uploads\/2015\/11\/DSC_0188-300x199.jpg 300w, https:\/\/sdc.spseplzen.cz\/wp-content\/uploads\/2015\/11\/DSC_0188.jpg 960w\" sizes=\"auto, (max-width: 300px) 100vw, 300px\" \/>\u00a0\u00a0\u00a0\u00a0\u00a0\u00a0\u00a0\u00a0\u00a0<\/a><a href=\"https:\/\/sdc.spseplzen.cz\/wp-content\/uploads\/2015\/11\/DSC_0198.jpg\"><img loading=\"lazy\" decoding=\"async\" class=\"alignnone size-medium wp-image-402\" src=\"https:\/\/sdc.spseplzen.cz\/wp-content\/uploads\/2015\/11\/DSC_0198-300x199.jpg\" alt=\"DSC_0198\" width=\"300\" height=\"199\" srcset=\"https:\/\/sdc.spseplzen.cz\/wp-content\/uploads\/2015\/11\/DSC_0198-300x199.jpg 300w, https:\/\/sdc.spseplzen.cz\/wp-content\/uploads\/2015\/11\/DSC_0198.jpg 960w\" sizes=\"auto, (max-width: 300px) 100vw, 300px\" \/><\/a><\/p>\n<p>T\u011blocvi\u010dna 2\u00a0 &#8222;horn\u00ed&#8220; \u00a0 \u00a0 \u00a0 \u00a0 \u00a0 \u00a0 \u00a0 \u00a0 \u00a0 \u00a0 \u00a0 \u00a0 \u00a0 \u00a0 \u00a0 \u00a0 \u00a0 \u00a0\u00a0\u00a0 \u00a0 \u00a0 \u00a0 \u00a0 \u00a0 \u00a0 \u00a0 T\u011blocvi\u010dna 1 &#8222;doln\u00ed&#8220;<\/p>\n","protected":false},"excerpt":{"rendered":"<p>V dob\u011b \u010dervenec &#8211; srpen\u00a0 nepronaj\u00edm\u00e1me.<\/p>\n<p>VO\u0160 a SP\u0160E Plze\u0148 m\u00e1 k dispozici dv\u011b t\u011blocvi\u010dny<br \/>\nK pron\u00e1jmu ve voln\u00fdch hodin\u00e1ch odpoledne a ve\u010der up\u0159ednost\u0148ujeme sportovn\u00ed ogranizace d\u011bt\u00ed a ml\u00e1de\u017ee.<br \/>\nCena: 400 K\u010d\/hodinu.<br \/>\n\u00a0\u00a0\u00a0\u00a0\u00a0\u00a0\u00a0\u00a0\u00a0<br \/>\nT\u011blocvi\u010dna 2\u00a0 &#8222;horn\u00ed&#8220; \u00a0 \u00a0 \u00a0 \u00a0 \u00a0 \u00a0 \u00a0 \u00a0 \u00a0 \u00a0 \u00a0 \u00a0 \u00a0 \u00a0 \u00a0 \u00a0 \u00a0 \u00a0\u00a0\u00a0 \u00a0 \u00a0 \u00a0 \u00a0 \u00a0 \u00a0 \u00a0 T\u011blocvi\u010dna 1 &#8222;doln\u00ed&#8220;<\/p>\n","protected":false},"author":1,"featured_media":0,"parent":163,"menu_order":0,"comment_status":"closed","ping_status":"closed","template":"template_rightsidebar_horizontalnav.php","meta":{"footnotes":""},"class_list":["post-165","page","type-page","status-publish","hentry"],"_links":{"self":[{"href":"https:\/\/sdc.spseplzen.cz\/index.php\/wp-json\/wp\/v2\/pages\/165","targetHints":{"allow":["GET"]}}],"collection":[{"href":"https:\/\/sdc.spseplzen.cz\/index.php\/wp-json\/wp\/v2\/pages"}],"about":[{"href":"https:\/\/sdc.spseplzen.cz\/index.php\/wp-json\/wp\/v2\/types\/page"}],"author":[{"embeddable":true,"href":"https:\/\/sdc.spseplzen.cz\/index.php\/wp-json\/wp\/v2\/users\/1"}],"replies":[{"embeddable":true,"href":"https:\/\/sdc.spseplzen.cz\/index.php\/wp-json\/wp\/v2\/comments?post=165"}],"version-history":[{"count":23,"href":"https:\/\/sdc.spseplzen.cz\/index.php\/wp-json\/wp\/v2\/pages\/165\/revisions"}],"predecessor-version":[{"id":1032,"href":"https:\/\/sdc.spseplzen.cz\/index.php\/wp-json\/wp\/v2\/pages\/165\/revisions\/1032"}],"up":[{"embeddable":true,"href":"https:\/\/sdc.spseplzen.cz\/index.php\/wp-json\/wp\/v2\/pages\/163"}],"wp:attachment":[{"href":"https:\/\/sdc.spseplzen.cz\/index.php\/wp-json\/wp\/v2\/media?parent=165"}],"curies":[{"name":"wp","href":"https:\/\/api.w.org\/{rel}","templated":true}]}}